{"id":1349,"date":"2019-03-19T11:07:57","date_gmt":"2019-03-19T14:07:57","guid":{"rendered":"https:\/\/marceloj.com\/b\/?page_id=1349"},"modified":"2024-09-20T14:27:17","modified_gmt":"2024-09-20T17:27:17","slug":"politica-de-privacidade","status":"publish","type":"page","link":"https:\/\/marceloj.com\/b\/politica-de-privacidade\/","title":{"rendered":"Pol\u00edtica de Privacidade e de Uso"},"content":{"rendered":"<p>N\u00f3s entendemos como os dados pessoais s\u00e3o um bem precioso de cada pessoa, e entendemos como \u00e9 um voto de confian\u00e7a quando voc\u00ea os compartilha conosco, e por este motivo seus dados ser\u00e3o tratados com o maior sigilo e respeito. Queremos\u00a0 que voc\u00ea saiba que seus dados est\u00e3o protegidos acima de tudo, com muita tecnologia, criptografia e pol\u00edticas de seguran\u00e7a, ainda mais r\u00edgidas que aquelas estabelecidas pela LGPD e GDPR. Esta pol\u00edtica de privacidade foi escrita sem o uso de juridiqu\u00eas (<em>linguagem dos advogados),<\/em> dif\u00edcil de ser entendida por pessoas comuns como n\u00f3s, e ent\u00e3o decidimos fazer assim para que todos possam compreender.<\/p>\n<p style=\"padding-left: 40px;\"><span style=\"font-size: 12pt;\"><em><a href=\"https:\/\/marceloj.com\/b\/resumo-para-voce-toda-semana\/\">Resumo<\/a>:<\/em><\/span><br \/>\n<span style=\"text-decoration: underline;\"><em>Para acessar o site, s\u00e3o necess\u00e1rias algumas informa\u00e7\u00f5es pessoais de login. N\u00f3s guardamos seu e-mail, telefone e n\u00famero de WhatsApp, e s\u00e3o mantidos em banco de dados mantido por pol\u00edticas\u00a0 de seguran\u00e7a da informa\u00e7\u00e3o.\u00a0 A senha de usu\u00e1rio \u00e9 criptografada e n\u00e3o temos acesso. Seus dados pessoais, como e-mail, telefone, WhatsApp, Rua, CEP e Endere\u00e7o, jamais ser\u00e3o vendidos ou fornecidos para terceiros. O seu e-mail pode ficar armazenado em um cookie do seu dispositivo, para que voc\u00ea n\u00e3o precise informar novamente suas credenciais. Nossos servidores s\u00e3o seguros, seguindo todas as pol\u00edticas de seguran\u00e7a e constantemente s\u00e3o testados de forma preventiva.<\/em><\/span><\/p>\n<h2>1. Coleta de informa\u00e7\u00f5es.<\/h2>\n<p>Ao acessar o site, ou realizar algum dos nossos testes, voc\u00ea precisa fornecer dados como seu e-mail, nome completo, telefone para contato e o n\u00famero do seu WhatsApp. Estes dados ser\u00e3o mantidos em banco de dados seguro e criptografados. Estes dados s\u00e3o acess\u00edveis apenas pelo administrador da plataforma. Em hip\u00f3tese alguma, seus dados ser\u00e3o expostos. A senha individual de cada usu\u00e1rio \u00e9 criptografada e os administradores n\u00e3o t\u00eam acesso a senha aberta, tampouco temos acesso \u00e0s chaves criptogr\u00e1ficas de nossos parceiros. Os nossos provedores de acesso s\u00e3o o Facebook, Google e o Firebase, que tratam os dados com total seguran\u00e7a e privacidade.<br \/>\nAlgumas informa\u00e7\u00f5es de login, como o seu e-mail e nome de usu\u00e1rio, poder\u00e3o ser armazenadas em cookies do seu dispositivo, e s\u00e3o usadas apenas para que voc\u00ea n\u00e3o precise fornecer cada vez que entra no sistema.<\/p>\n<h2>2. Uso das informa\u00e7\u00f5es de usu\u00e1rios<\/h2>\n<p>Seus dados s\u00e3o mantidos internamente em nossos servidores apenas para o funcionamento de nossas aplica\u00e7\u00f5es, e para que voc\u00ea tenha uma experi\u00eancia personalizada, dentro de nossos sites, testes e aplicativos. Seus dados s\u00e3o armazenados em banco de dados seguro e n\u00e3o s\u00e3o compartilhados ou expostos fora de nossa organiza\u00e7\u00e3o. Seus dados n\u00e3o podem ser obtidos ou visualizados por ferramentas externas.<\/p>\n<p>Voc\u00ea poder\u00e1 receber informativos, newsletter e ofertas por e-mail e tamb\u00e9m por WhatsApp, personalizados e relevantes ao seu interesse. A qualquer momento, voc\u00ea pode solicitar para n\u00e3o mais receber informa\u00e7\u00f5es ou solicitar que seus dados sejam completamente deletados. Para tanto, utilize o e-mail <em>contato@marceloj.com.<\/em><\/p>\n<p>No aplicativo Open7, que faz parte dos nossos produtos, os jogadores podem visualizar apenas seu nome, cidade e estado que voc\u00ea cadastrou, suas conquistas como jogos ganhos, a sua pontua\u00e7\u00e3o em cada jogo e o vencedor de cada partida. Em hip\u00f3tese alguma, ser\u00e3o compartilhados seus contatos como e-mail, telefone e endere\u00e7o completo, garantindo a sua privacidade e seguran\u00e7a. N\u00f3s recomendamos aos nossos usu\u00e1rios que nunca compartilhem seu e-mail ou telefone, e endere\u00e7o particular com outros participantes da plataforma.<\/p>\n<h2>3. Divulga\u00e7\u00e3o de informa\u00e7\u00f5es de terceiros.<\/h2>\n<p>Seus dados pessoais, como telefone, e-mail, ou rua, CEP e n\u00famero da sua resid\u00eancia, jamais ser\u00e3o fornecidos ou vendidos para terceiros. Alguns dados referentes a seu acesso s\u00e3o capturados diretamente pelo Facebook, seguindo os termos de privacidade do pr\u00f3prio Facebook, e ele pode usar estas informa\u00e7\u00f5es tratadas anonimamente para apresentar an\u00fancios (ADs) relevantes ao seu perfil.<\/p>\n<h2>4. Seguran\u00e7a e rastreamento das informa\u00e7\u00f5es.<\/h2>\n<p>N\u00f3s utilizamos para fins de controle o chamado pixel de acesso e rastreamento do Facebook e do Google. Estas informa\u00e7\u00f5es podem incluir tanto quando voc\u00ea acessou e quantas vezes acessou o site \/ aplicativo, por\u00e9m s\u00e3o tratadas anonimamente pelo Facebook e pelo Google. N\u00f3s n\u00e3o temos acesso a estas informa\u00e7\u00f5es abertas, recebendo apenas estat\u00edsticas an\u00f4nimas de acessos.<\/p>\n<h2>5. M\u00e9todos para cancelar a subscri\u00e7\u00e3o.<\/h2>\n<p>Voc\u00ea pode solicitar a qualquer momento que seus dados sejam apagados dos nossos servidores, incluindo os testes e os aplicativos. Para isso, solicite a exclus\u00e3o atrav\u00e9s do e-mail <em>contato@marceloj.com.<\/em><\/p>\n<h2>6. Consentimento.<\/h2>\n<p>Ao fazer uso das ferramentas do site, marceloj.com, os testes comportamentais e do aplicativo Open7, ser\u00e1 entendido que voc\u00ea concorda com\u00a0 esta pol\u00edtica de privacidade, e que ela poder\u00e1 ser alterada a qualquer momento.<br \/>\nAo usar o site marceloj.com,\u00a0 os testes comportamentais e o aplicativo Open7, voc\u00ea tamb\u00e9m concorda que n\u00e3o deve usar as informa\u00e7\u00f5es do site \/ aplicativo de maneira maliciosa, que prejudique a moral e \u00e9tica de qualquer um dos nossos participantes e que tamb\u00e9m n\u00e3o viole qualquer lei em vigor. Caso seja detectado que um usu\u00e1rio est\u00e1 desrespeitando essas regras, ele ser\u00e1 banido da plataforma irreversivelmente sem qualquer aviso pr\u00e9vio.<\/p>\n","protected":false},"excerpt":{"rendered":"<p>N\u00f3s entendemos como os dados pessoais s\u00e3o um bem precioso de cada pessoa, e entendemos como \u00e9 um voto de confian\u00e7a quando voc\u00ea os compartilha conosco, e por este motivo seus dados ser\u00e3o tratados com o maior sigilo e respeito. Queremos\u00a0 que voc\u00ea saiba que seus dados est\u00e3o protegidos acima de tudo, com muita tecnologia, criptografia e pol\u00edticas de seguran\u00e7a, [&hellip;]<\/p>\n","protected":false},"author":1,"featured_media":0,"parent":0,"menu_order":0,"comment_status":"closed","ping_status":"closed","template":"","meta":{"footnotes":""},"class_list":["post-1349","page","type-page","status-publish","hentry"],"_links":{"self":[{"href":"https:\/\/marceloj.com\/b\/wp-json\/wp\/v2\/pages\/1349","targetHints":{"allow":["GET"]}}],"collection":[{"href":"https:\/\/marceloj.com\/b\/wp-json\/wp\/v2\/pages"}],"about":[{"href":"https:\/\/marceloj.com\/b\/wp-json\/wp\/v2\/types\/page"}],"author":[{"embeddable":true,"href":"https:\/\/marceloj.com\/b\/wp-json\/wp\/v2\/users\/1"}],"replies":[{"embeddable":true,"href":"https:\/\/marceloj.com\/b\/wp-json\/wp\/v2\/comments?post=1349"}],"version-history":[{"count":6,"href":"https:\/\/marceloj.com\/b\/wp-json\/wp\/v2\/pages\/1349\/revisions"}],"predecessor-version":[{"id":2065,"href":"https:\/\/marceloj.com\/b\/wp-json\/wp\/v2\/pages\/1349\/revisions\/2065"}],"wp:attachment":[{"href":"https:\/\/marceloj.com\/b\/wp-json\/wp\/v2\/media?parent=1349"}],"curies":[{"name":"wp","href":"https:\/\/api.w.org\/{rel}","templated":true}]}}